{"id":9,"date":"2018-08-18T11:53:39","date_gmt":"2018-08-18T10:53:39","guid":{"rendered":"https:\/\/sdb-chemnitz.de\/web\/?page_id=9"},"modified":"2020-02-22T12:05:36","modified_gmt":"2020-02-22T11:05:36","slug":"beitrag-3","status":"publish","type":"page","link":"https:\/\/sdb-chemnitz.de\/web\/?page_id=9","title":{"rendered":"Impressum \/ Datenschutz"},"content":{"rendered":"<p><strong>Verein zur F\u00f6rderung der Solidarit\u00e4t, Demokratie und Bildung (<\/strong><strong>SDB e.V.)<\/strong><br \/>\nEingetragen beim Amtsgericht Chemnitz\u00a0 VR 3017<\/p>\n<p><strong>Vorstand(2020) :<\/strong><\/p>\n<p>Andreas Schmieder ( Vorsitzender )<br \/>\nOliver Treydel (Stell. Vorsitzender und Kasse)<br \/>\nThomas Bossack<br \/>\nThomas Lieber<\/p>\n<p><strong>Datenschutzerkl\u00e4rung<\/strong><\/p>\n<p><strong><br \/>\n<\/strong>Von den Mitgliedern und F\u00f6rdermitgliedern erhobenen und freiwillig gegebenen Daten der Vereinsanmeldung (Name, Anschrift, Kontaktdaten, Mitgliedsbeitr\u00e4ge) werden in einer eigenen Vereinssoftware elektronisch passwortgesch\u00fctzt gespeichert und gesichert. PC (mit Firewall) und Sicherungen sowie alle schriftlichen Dokumente befinden sind in einem verschlossenen Objekt. Der Zugang zu den Daten ist nur dem Vorstand und nur begrenzt den Projektverantwortlichen m\u00f6glich. Die Daten dienen lediglich zur Kontaktaufnahme und zur Informationsgebung der Vorstand- und Vereinsarbeit.<br \/>\nDie L\u00f6schung der Daten erfolgt nach Ablauf gesetzlicher Aufbewahrungspflichten.<\/p>\n<p>Sie haben das jederzeitige Recht, sich unentgeltlich und unverz\u00fcglich \u00fcber die zu Ihrer Person erhobenen Daten zu erkundigen. Sie haben das jederzeitige Recht, Ihre Zustimmung zur Verwendung Ihrer angegeben pers\u00f6nlichen Daten mit Wirkung f\u00fcr die Zukunft zu widerrufen, was aber zur Beendigung der Vereinsmitgliedschaft f\u00fchren wird. Zur Auskunftserteilung wenden Sie sich bitte an den Vorstand unter den Kontaktdaten im Impressum.<\/p>\n<p><strong>E-Mailverteiler, Mailinglisten und Newsletter<\/strong><\/p>\n<p><strong><br \/>\n<\/strong>Dem Verein bzw. den zugeh\u00f6rigen Projektgruppen wurden freiwillig E-Mail-Adressen f\u00fcr Kontaktaufnahme und Informationsweitergabe von Interessierten \u00fcberlassen. Diese E-Mailadressen sind in Mailinglisten elektronisch zusammengefa\u00dft. Die Mailingliste ist eine Sammlung von E-Mail-Adressen, die selbst eine E-Mail-Adresse hat. Jedes Mitglied der Mailingliste kann allen anderen Mitgliedern eine Nachricht zukommen lassen, ohne die E-Mail-Adressen der anderen Mitglieder kennen zu m\u00fcssen. Auch kann die Mailingliste als Newsletter umgebaut werden, wo nur der Mailingbesitzer Nachrichten schreiben kann.<br \/>\nIn beiden F\u00e4llen sind die E-Mailadressen nur f\u00fcr den Administrator und den Vorstand zug\u00e4nglich.<br \/>\nEine Weitergabe der E-Mailadressen an Dritte oder zweckentfremde Nutzung z.B. als Werbung ist nicht vorgesehen. Die Mailingadressen k\u00f6nnen aber ggf. f\u00fcr Veranstaltungsank\u00fcndigung zum jeweiligen Themengebiet der Mailingliste genutzt werden.<br \/>\nMitglieder der Mailingliste k\u00f6nnen die Mitgliedschaft jederzeit k\u00fcndigen. Nutzen Sie daf\u00fcr die Kontaktdaten im Impressum.<\/p>\n<p><strong>Internetbesucher<br \/>\n<\/strong><br \/>\nVom Verein werden keine personenbezogenen Daten \u00fcber den Webseitenbesuch erhoben. Lediglich anonyme statistische Zugriffszahlen stehen dem Verein zur Verf\u00fcgung. Da wir keinen Benutzerbereich haben, keine Analysewerkzeuge sowie Werbung schalten werden von uns auch keine Daten ausgewertet oder erhoben.<\/p>\n<p>Wir weisen ausdr\u00fccklich darauf hin, dass die Datenkommunikation (z.B. EMail) Sicherheitsl\u00fccken aufweisen kann und somit nicht l\u00fcckenlos vor dem Zugriff durch Dritte gesch\u00fctzt werden kann.<\/p>\n<p>Die Verwendung der Kontaktdaten des Impressums zur gewerblichen Werbung ist ausdr\u00fccklich nicht erw\u00fcnscht, es sei denn wir hatte zuvor eine schriftliche Einwilligung erteilt oder es besteht bereits eine Gesch\u00e4ftsbeziehung.<\/p>\n<p><strong>Bilder<\/strong><\/p>\n<p><strong><br \/>\n<\/strong>Fotomaterial (mit Gesichtserkennung) auf vom Verein betriebenen Webseiten sind nur von \u00f6ffentlichen Veranstaltungen und Eins\u00e4tzen oder mit ausdr\u00fccklicher Genehmigung der betroffenen Personen. Sollten Sie trotzdem auf eine Bilder ohne Genehmigung aufmerksam werden, bitten wir um einen entsprechenden Hinweis. Bei Bekanntwerden von Rechtsverletzungen werden wir derartige Inhalte umgehend entfernen.<\/p>\n<p><strong>Verzeichnis von Verarbeitungst\u00e4tigkeiten<\/strong><\/p>\n<p><strong><br \/>\n<\/strong>Dies ist vorhanden und kann auf begr\u00fcndete Anfragen bereitgestellt werden.<\/p>\n<p><strong>Datenschutzbeauftragter<\/strong><\/p>\n<p><strong><br \/>\n<\/strong>Auf Grund der geringen Zugriffsberechtigung auf Vereinsdaten ist ein Beauftragter nicht n\u00f6tig. Fragen zum Thema beantwortet der Vorstand gern.<\/p>\n<p><strong>Haftung f\u00fcr Inhalte<\/strong><\/p>\n<p><strong><br \/>\n<\/strong>Als Diensteanbieter sind wir gem\u00e4\u00df \u00a7 7 Abs.1 TMG f\u00fcr eigene Inhalte auf diesen Seiten nach den allgemeinen Gesetzen verantwortlich. Nach \u00a7\u00a7 8 bis 10 TMG sind wir als Diensteanbieter jedoch nicht verpflichtet, \u00fcbermittelte oder gespeicherte fremde Informationen zu \u00fcberwachen oder nach Umst\u00e4nden zu forschen, die auf eine rechtswidrige T\u00e4tigkeit hinweisen. Verpflichtungen zur Entfernung oder Sperrung der Nutzung von Informationen nach den allgemeinen Gesetzen bleiben hiervon unber\u00fchrt. Eine diesbez\u00fcgliche Haftung ist jedoch erst ab dem Zeitpunkt der Kenntnis einer konkreten Rechtsverletzung m\u00f6glich. Bei Bekanntwerden von entsprechenden Rechtsverletzungen werden wir diese Inhalte umgehend entfernen.<\/p>\n<p><strong>Haftung f\u00fcr Links<\/strong><\/p>\n<p><strong><br \/>\n<\/strong>Unsere Webseite enth\u00e4lt Links zu externen Webseiten Dritter, auf deren Inhalte wir keinen Einfluss haben. Deshalb k\u00f6nnen wir f\u00fcr diese fremden Inhalte auch keine Gew\u00e4hr \u00fcbernehmen. F\u00fcr die Inhalte der verlinkten Seiten ist stets der jeweilige Anbieter oder Betreiber der Seiten verantwortlich. Die verlinkten Seiten wurden zum Zeitpunkt der Verlinkung auf m\u00f6gliche Rechtsverst\u00f6\u00dfe \u00fcberpr\u00fcft. Rechtswidrige Inhalte waren zum Zeitpunkt der Verlinkung nicht erkennbar. Eine permanente inhaltliche Kontrolle der verlinkten Seiten ist jedoch ohne konkrete Anhaltspunkte einer Rechtsverletzung nicht zumutbar. Bei Bekanntwerden von Rechtsverletzungen werden wir derartige Links umgehend entfernen.<\/p>\n<p><strong>Urheberrecht<\/strong><\/p>\n<p><strong><br \/>\n<\/strong>Die durch die Seitenbetreiber erstellten Inhalte und Werke auf diesen Seiten unterliegen dem deutschen Urheberrecht. Die Vervielf\u00e4ltigung, Bearbeitung, Verbreitung und jede Art der Verwertung au\u00dferhalb der Grenzen des Urheberrechtes bed\u00fcrfen der schriftlichen Zustimmung des jeweiligen Autors bzw. Erstellers. Downloads und Kopien dieser Seite sind nur f\u00fcr den privaten, nicht kommerziellen Gebrauch gestattet. Soweit die Inhalte auf dieser Seite nicht vom Betreiber erstellt wurden, werden die Urheberrechte Dritter beachtet. Insbesondere werden Inhalte Dritter als solche gekennzeichnet. Sollten Sie trotzdem auf eine Urheberrechtsverletzung aufmerksam werden, bitten wir um einen entsprechenden Hinweis. Bei Bekanntwerden von Rechtsverletzungen werden wir derartige Inhalte umgehend entfernen.<\/p>\n","protected":false},"excerpt":{"rendered":"<p>Verein zur F\u00f6rderung der Solidarit\u00e4t, Demokratie und Bildung (SDB e.V.) Eingetragen beim Amtsgericht Chemnitz\u00a0 VR 3017 Vorstand(2020) : Andreas Schmieder ( Vorsitzender ) Oliver Treydel (Stell. Vorsitzender und Kasse) Thomas Bossack Thomas Lieber Datenschutzerkl\u00e4rung Von den Mitgliedern und F\u00f6rdermitgliedern erhobenen und freiwillig gegebenen Daten der Vereinsanmeldung (Name, Anschrift, Kontaktdaten, Mitgliedsbeitr\u00e4ge) werden in einer eigenen Vereinssoftware<\/p><\/div>\n<div class=\"blog-btn\"><a href=\"https:\/\/sdb-chemnitz.de\/web\/?page_id=9\" class=\"home-blog-btn\">Weiterlesen<\/a><\/p>\n","protected":false},"author":3,"featured_media":0,"parent":0,"menu_order":0,"comment_status":"closed","ping_status":"closed","template":"","meta":{"footnotes":""},"class_list":["post-9","page","type-page","status-publish","hentry"],"_links":{"self":[{"href":"https:\/\/sdb-chemnitz.de\/web\/index.php?rest_route=\/wp\/v2\/pages\/9","targetHints":{"allow":["GET"]}}],"collection":[{"href":"https:\/\/sdb-chemnitz.de\/web\/index.php?rest_route=\/wp\/v2\/pages"}],"about":[{"href":"https:\/\/sdb-chemnitz.de\/web\/index.php?rest_route=\/wp\/v2\/types\/page"}],"author":[{"embeddable":true,"href":"https:\/\/sdb-chemnitz.de\/web\/index.php?rest_route=\/wp\/v2\/users\/3"}],"replies":[{"embeddable":true,"href":"https:\/\/sdb-chemnitz.de\/web\/index.php?rest_route=%2Fwp%2Fv2%2Fcomments&post=9"}],"version-history":[{"count":6,"href":"https:\/\/sdb-chemnitz.de\/web\/index.php?rest_route=\/wp\/v2\/pages\/9\/revisions"}],"predecessor-version":[{"id":437,"href":"https:\/\/sdb-chemnitz.de\/web\/index.php?rest_route=\/wp\/v2\/pages\/9\/revisions\/437"}],"wp:attachment":[{"href":"https:\/\/sdb-chemnitz.de\/web\/index.php?rest_route=%2Fwp%2Fv2%2Fmedia&parent=9"}],"curies":[{"name":"wp","href":"https:\/\/api.w.org\/{rel}","templated":true}]}}