{"id":7,"date":"2018-08-18T11:53:31","date_gmt":"2018-08-18T10:53:31","guid":{"rendered":"https:\/\/sdb-chemnitz.de\/web\/?page_id=7"},"modified":"2025-06-08T08:26:13","modified_gmt":"2025-06-08T07:26:13","slug":"beitrag2","status":"publish","type":"page","link":"https:\/\/sdb-chemnitz.de\/web\/?page_id=7","title":{"rendered":"Kontakt"},"content":{"rendered":"<div>\n<p><strong>Verein zur F\u00f6rderung der Solidarit\u00e4t, Demokratie und Bildung (<\/strong><strong>SDB e.V.)<\/strong><\/p>\n<p>SDB e.V.<br \/>\nHorststra\u00dfe 20<br \/>\n09119 Chemnitz<\/p>\n<p><span id=\"cloake402b9f4e8f5aecbbe439ca2644973af\"><a href=\"mailto:info@sdb-chemnitz.de\">info@sdb-chemnitz.de<\/a><\/span><\/p>\n<p>&#8212;&#8212;&#8212;&#8212;&#8212;&#8212;&#8212;&#8212;&#8212;&#8212;&#8212;&#8212;&#8212;&#8212;&#8212;&#8212;&#8212;&#8212;-<\/p>\n<p><strong>Gemeinschaftsb\u00fcro<\/strong><br \/>\nZschopauer Str. 134<br \/>\n09126 Chemnitz<\/p>\n<\/div>\n","protected":false},"excerpt":{"rendered":"<p>Verein zur F\u00f6rderung der Solidarit\u00e4t, Demokratie und Bildung (SDB e.V.) SDB e.V. Horststra\u00dfe 20 09119 Chemnitz info@sdb-chemnitz.de &#8212;&#8212;&#8212;&#8212;&#8212;&#8212;&#8212;&#8212;&#8212;&#8212;&#8212;&#8212;&#8212;&#8212;&#8212;&#8212;&#8212;&#8212;- Gemeinschaftsb\u00fcro Zschopauer Str. 134 09126 Chemnitz<\/p>\n","protected":false},"author":3,"featured_media":0,"parent":0,"menu_order":0,"comment_status":"closed","ping_status":"closed","template":"","meta":{"footnotes":""},"class_list":["post-7","page","type-page","status-publish","hentry"],"_links":{"self":[{"href":"https:\/\/sdb-chemnitz.de\/web\/index.php?rest_route=\/wp\/v2\/pages\/7","targetHints":{"allow":["GET"]}}],"collection":[{"href":"https:\/\/sdb-chemnitz.de\/web\/index.php?rest_route=\/wp\/v2\/pages"}],"about":[{"href":"https:\/\/sdb-chemnitz.de\/web\/index.php?rest_route=\/wp\/v2\/types\/page"}],"author":[{"embeddable":true,"href":"https:\/\/sdb-chemnitz.de\/web\/index.php?rest_route=\/wp\/v2\/users\/3"}],"replies":[{"embeddable":true,"href":"https:\/\/sdb-chemnitz.de\/web\/index.php?rest_route=%2Fwp%2Fv2%2Fcomments&post=7"}],"version-history":[{"count":5,"href":"https:\/\/sdb-chemnitz.de\/web\/index.php?rest_route=\/wp\/v2\/pages\/7\/revisions"}],"predecessor-version":[{"id":738,"href":"https:\/\/sdb-chemnitz.de\/web\/index.php?rest_route=\/wp\/v2\/pages\/7\/revisions\/738"}],"wp:attachment":[{"href":"https:\/\/sdb-chemnitz.de\/web\/index.php?rest_route=%2Fwp%2Fv2%2Fmedia&parent=7"}],"curies":[{"name":"wp","href":"https:\/\/api.w.org\/{rel}","templated":true}]}}