{"id":2,"date":"2018-08-18T09:43:44","date_gmt":"2018-08-18T09:43:44","guid":{"rendered":"https:\/\/sdb-chemnitz.de\/web\/?page_id=2"},"modified":"2024-03-08T09:08:48","modified_gmt":"2024-03-08T08:08:48","slug":"sample-page","status":"publish","type":"page","link":"https:\/\/sdb-chemnitz.de\/web\/?page_id=2","title":{"rendered":"Sozialstunden"},"content":{"rendered":"<div>\n<p>\u00dcber den Tr\u00e4gerverein SDB e.V. k\u00f6nnen hier in Chemnitz richterlich erteilte Sozialstunden abgeleistet werden. Wir betreuen als Verein in mehreren Stadtteilen Pachtobjekte, wo wir immer eine helfende Hand ben\u00f6tigen. Z.B. in unserem B\u00fcrgergarten &#8222;Unser Knappteich&#8220; im Yorckgebiet, im Gemeinschaftsb\u00fcro auf der Zschopauer Str. und auf Fl\u00e4chen, welche wir \u00fcber die B\u00fcrgerplattformen begleiten (Frei-Otto-Park und Richtergutspark in Sch\u00f6nau, Gablenzer B\u00fcrgerpark, H\u00f6henweg in Harthau)<\/p>\n<p>Wir legen auf <strong>Zuverl\u00e4ssigkeit<\/strong> gro\u00dfen Wert. Wir haben eine Warteliste und trennen uns ggf. schnell von unzuverl\u00e4ssigen, unp\u00fcnktlichen, dauerkranken, &#8222;ichhabwasbesseresvor&#8220; Stundenableistern. Daher bitte nur ernst gemeinte Anfragen. Wir k\u00f6nnen nur Sozialstunden an Menschen bewilligen, die k\u00f6rperlich belastbar sind, da der Hauptschwerpunkt in der Gartenarbeit liegt. Je nach M\u00f6glichkeiten des Ableisters k\u00f6nnen wir ggf. auch andere Einsatzm\u00f6glichkeiten finden.<\/p>\n<p>Schreiben Sie uns eine E-Mail und geben folgende Daten an:<\/p>\n<p>* Vollst\u00e4ndiger Name und Adresse, Alter, Telefonnummer<\/p>\n<p>* erlernter Beruf oder in Ausbildung zu&#8230;<\/p>\n<p>* F\u00e4higkeiten (handwerklich, k\u00fcnstlerisch, EDVbegabt,&#8230;.)<\/p>\n<p>* Anzahl Sozialstunden und Zeitraum f\u00fcr die Ableistung<\/p>\n<p>* Wann k\u00f6nnen die Stunden abgeleistet werden? (nur Wochenende, tags\u00fcber, nur nachmittag, &#8230;)<\/p>\n<p>* Wie kommen Sie zu unseren Einsatzorten in Chemnitz? (PKW, Bus\/Bahn, Fahrrad&#8230;)<\/p>\n<p>Email an:\u00a0\u00a0 info@sdb-chemnitz.de<br \/>\nAnsprechpartner: Oliver Treydel<\/p>\n<p>Die Email hat einen ordentlichen Aufbau mit Anrede, Einleitung, Inhalt mit den eben genannten Daten und einen Abschluss mit Gru\u00dfformel. Die Kontaktaufnahme erfolgt bitte durch den Stundenableister pers\u00f6nlich &#8211; also keine Mutti oder Papa, keine Sozialhelfer etc.<\/p>\n<\/div>\n<p>Nach einem ersten Kennenlerngespr\u00e4ch entscheiden wir ob, wie und wann wir gemeinsam zusammenarbeiten k\u00f6nnen. Bitte halten Sie alle Unterlagen bereit &#8211; Urteil und die Stundenableistungszettel.<\/p>\n<p>Wir lehnen Stundenableister ab, die folgende Straftaten begangen haben:<\/p>\n<ul>\n<li>Straftaten gegen die sexuelle Selbstbestimmung und gegen Kinder<\/li>\n<\/ul>\n","protected":false},"excerpt":{"rendered":"<p>\u00dcber den Tr\u00e4gerverein SDB e.V. k\u00f6nnen hier in Chemnitz richterlich erteilte Sozialstunden abgeleistet werden. Wir betreuen als Verein in mehreren Stadtteilen Pachtobjekte, wo wir immer eine helfende Hand ben\u00f6tigen. Z.B. in unserem B\u00fcrgergarten &#8222;Unser Knappteich&#8220; im Yorckgebiet, im Gemeinschaftsb\u00fcro auf der Zschopauer Str. und auf Fl\u00e4chen, welche wir \u00fcber die B\u00fcrgerplattformen begleiten (Frei-Otto-Park und Richtergutspark<\/p><\/div>\n<div class=\"blog-btn\"><a href=\"https:\/\/sdb-chemnitz.de\/web\/?page_id=2\" class=\"home-blog-btn\">Weiterlesen<\/a><\/p>\n","protected":false},"author":3,"featured_media":0,"parent":0,"menu_order":0,"comment_status":"closed","ping_status":"closed","template":"","meta":{"footnotes":""},"class_list":["post-2","page","type-page","status-publish","hentry"],"_links":{"self":[{"href":"https:\/\/sdb-chemnitz.de\/web\/index.php?rest_route=\/wp\/v2\/pages\/2","targetHints":{"allow":["GET"]}}],"collection":[{"href":"https:\/\/sdb-chemnitz.de\/web\/index.php?rest_route=\/wp\/v2\/pages"}],"about":[{"href":"https:\/\/sdb-chemnitz.de\/web\/index.php?rest_route=\/wp\/v2\/types\/page"}],"author":[{"embeddable":true,"href":"https:\/\/sdb-chemnitz.de\/web\/index.php?rest_route=\/wp\/v2\/users\/3"}],"replies":[{"embeddable":true,"href":"https:\/\/sdb-chemnitz.de\/web\/index.php?rest_route=%2Fwp%2Fv2%2Fcomments&post=2"}],"version-history":[{"count":7,"href":"https:\/\/sdb-chemnitz.de\/web\/index.php?rest_route=\/wp\/v2\/pages\/2\/revisions"}],"predecessor-version":[{"id":650,"href":"https:\/\/sdb-chemnitz.de\/web\/index.php?rest_route=\/wp\/v2\/pages\/2\/revisions\/650"}],"wp:attachment":[{"href":"https:\/\/sdb-chemnitz.de\/web\/index.php?rest_route=%2Fwp%2Fv2%2Fmedia&parent=2"}],"curies":[{"name":"wp","href":"https:\/\/api.w.org\/{rel}","templated":true}]}}