{"id":116,"date":"2018-08-20T13:07:11","date_gmt":"2018-08-20T12:07:11","guid":{"rendered":"https:\/\/sdb-chemnitz.de\/web\/?page_id=116"},"modified":"2020-02-22T12:05:18","modified_gmt":"2020-02-22T11:05:18","slug":"der-verein-sdb-e-v","status":"publish","type":"page","link":"https:\/\/sdb-chemnitz.de\/web\/?page_id=116","title":{"rendered":"Der Verein SDB e.V."},"content":{"rendered":"<p><strong>Der Verein <\/strong>wurde 2013 gegr\u00fcndet, um Menschen bei der Verwirklichung ihrer Projekte zu unterst\u00fctzen. Wir begleiten B\u00fcrgerprojekte mit Knowhow in den Bereichen Kommunikation und Werbung, Mittelbeantragung und Spenden\/Sponsoren, Kontakte in Verwaltung und Politik, sowie umfahren b\u00fcrokratischer Hindernisse. Der Verein ist das Werkzeug f\u00fcr B\u00fcrgerprojekte &#8211; von Null auf Gleich hat man einen Verein, mit der M\u00f6glichkeit Spendenbescheinigungen auszustellen, einen Versicherungsschutz und ohne Orga-Kram gleich Projektarbeit machen.<\/p>\n<p><b>Die Partner <\/b>des Vereins sind je nach Projektgruppe Initiativen wie die Greenpeace Chemnitz Gruppe, Netzwerkpartner wie das Holzkombinat oder regionale Vermieter wie die CAWG oder die GGG.<\/p>\n<p><b>Der Vorstand <\/b>ist zur Zeit mit 4 Mitgliedern besetzt:<br \/>\nAndreas Schmieder (Vorstandvorsitz), Oliver Treydel, (Stell. Vorsitz, Kasse), Thomas Bossack (Vorstand), Thomas Lieber (Vorstand)<\/p>\n<p><b>Die Satzung <\/b>des Vereins findet Ihr <a href=\"https:\/\/sdb-chemnitz.de\/web\/wp-content\/uploads\/2018\/08\/Satzung2018.pdf\">HIER<\/a>. Man kann jederzeit Mitglied im Verein werden, was aber eine gewisse Pr\u00fcfzeit beinhaltet. F\u00f6rdermitglieder (ohne aktives Wahl und Stimmrecht) kann aber jeder und sofort werden. Man kann einzelne Projekte unterst\u00fctzen oder den ganzen Verein.<\/p>\n<p><b>Projektanmeldung <\/b>kann man bei uns einreichen. Wir pr\u00fcfen im ersten Schritt, ob wir das Projekt aufnehmen und begleiten k\u00f6nnen.<\/p>\n<p><u>Passen wir zusammen ?<\/u><\/p>\n<p>Die Chemie muss nat\u00fcrlich immer stimmen. Man muss sich auf menschlicher Ebene verstehen und darf auch niemanden bevorzugen oder ausgrenzen. Unsere Projekte sollen Menschen zusammenbringen, denn nur durch ein gemeinsames Projekt\/Ziel entsteht auch Achtung und Respekt voreinander und die Leistung des Anderen wird gew\u00fcrdigt. Bei uns finden sich Menschen mit verschiedenen politischen, kulturellen, religi\u00f6sen, \u00f6konomischen, \u00f6kologischen &#8230; Ansichten zusammen. Niemand wird ausgegrenzt, sofern ein fairer und ehrlicher Umgang stattfindet.<\/p>\n<p><u>Mein Projekt<\/u><\/p>\n<p>Wir wollen prinzipiell kein Projekt der Projekte willen. Worth\u00fclsen wie &#8222;Toleranz&#8220;, &#8222;Integration&#8220;, &#8222;Inklusion&#8220;, &#8222;Multikulturell&#8220; &#8230; wollen wir als Projekte nicht haben. Bei uns sollen diese Begriffe einfach in B\u00fcrgerprojekten leben. Projekte sollen also etwas schaffen und verbinden. Ideen zu mehr anregen. Das k\u00f6nnen Einzelprojekte und Veranstaltungen sein oder dauerhafte langfristig ausgelegte Projekte.<\/p>\n<p><u>Was wird unterst\u00fctzt ?<\/u><\/p>\n<p>Kleine Stra\u00dfenfeste, einmalige Nachbarschaftsprojekte (Pflanztag, Stra\u00dfenkunst), Reinigungs- und Sanierungsvorhaben im \u00f6ffentlichen Raum, Partnerschaften mit Kitas und Schulen,&#8230; \u00fcberall da wo wir als Verein mit unserer Struktur (Gemeinn\u00fctzigkeit, Versicherung, Vereinskonto) als Helfer zum Projekt beitragen k\u00f6nnen. SDB ist ein Werkzeug zum Benutzen.<\/p>\n<p><u>Wie l\u00e4uft die Anmeldung ab?<\/u><\/p>\n<p>Generell gilt, dass wir keine \u00fcbereilten Aktionen unterst\u00fctzen. Das Vorhaben wird dem Vorstand zuerst vorgestellt. Dieser entscheidet dann, ob und wie das Vorhaben unterst\u00fctzt werden kann. Bei Best\u00e4tigung durch den Vereinsvorstand, wird eine Kostenstelle errichtet, auf der f\u00fcr das Vorhaben z.B. F\u00f6rdermitteln oder Spenden eingezahlt und Ausgaben beglichen werden. Der Verein ist keine Stiftung und kann keine Projekte finanzieren. Die Finanzierung muss f\u00fcr das Vorhaben selber organisiert werden. Wir helfen mit unserer Struktur aber bei allen Abl\u00e4ufen.<\/p>\n<p>Haben Sie eine Idee f\u00fcr ein Vorhaben, dann kommen Sie zu uns und stellen es vor.<\/p>\n<p>info@sdb-chemnitz.de<\/p>\n","protected":false},"excerpt":{"rendered":"<p>Der Verein wurde 2013 gegr\u00fcndet, um Menschen bei der Verwirklichung ihrer Projekte zu unterst\u00fctzen. Wir begleiten B\u00fcrgerprojekte mit Knowhow in den Bereichen Kommunikation und Werbung, Mittelbeantragung und Spenden\/Sponsoren, Kontakte in Verwaltung und Politik, sowie umfahren b\u00fcrokratischer Hindernisse. Der Verein ist das Werkzeug f\u00fcr B\u00fcrgerprojekte &#8211; von Null auf Gleich hat man einen Verein, mit der<\/p><\/div>\n<div class=\"blog-btn\"><a href=\"https:\/\/sdb-chemnitz.de\/web\/?page_id=116\" class=\"home-blog-btn\">Weiterlesen<\/a><\/p>\n","protected":false},"author":3,"featured_media":0,"parent":0,"menu_order":0,"comment_status":"closed","ping_status":"closed","template":"","meta":{"footnotes":""},"class_list":["post-116","page","type-page","status-publish","hentry"],"_links":{"self":[{"href":"https:\/\/sdb-chemnitz.de\/web\/index.php?rest_route=\/wp\/v2\/pages\/116","targetHints":{"allow":["GET"]}}],"collection":[{"href":"https:\/\/sdb-chemnitz.de\/web\/index.php?rest_route=\/wp\/v2\/pages"}],"about":[{"href":"https:\/\/sdb-chemnitz.de\/web\/index.php?rest_route=\/wp\/v2\/types\/page"}],"author":[{"embeddable":true,"href":"https:\/\/sdb-chemnitz.de\/web\/index.php?rest_route=\/wp\/v2\/users\/3"}],"replies":[{"embeddable":true,"href":"https:\/\/sdb-chemnitz.de\/web\/index.php?rest_route=%2Fwp%2Fv2%2Fcomments&post=116"}],"version-history":[{"count":4,"href":"https:\/\/sdb-chemnitz.de\/web\/index.php?rest_route=\/wp\/v2\/pages\/116\/revisions"}],"predecessor-version":[{"id":436,"href":"https:\/\/sdb-chemnitz.de\/web\/index.php?rest_route=\/wp\/v2\/pages\/116\/revisions\/436"}],"wp:attachment":[{"href":"https:\/\/sdb-chemnitz.de\/web\/index.php?rest_route=%2Fwp%2Fv2%2Fmedia&parent=116"}],"curies":[{"name":"wp","href":"https:\/\/api.w.org\/{rel}","templated":true}]}}